{"id":2105,"date":"2015-02-03T20:14:31","date_gmt":"2015-02-03T20:14:31","guid":{"rendered":"https:\/\/avada.theme-fusion.com_demos\/hotel\/?page_id=9"},"modified":"2024-08-13T09:09:56","modified_gmt":"2024-08-13T09:09:56","slug":"activities","status":"publish","type":"page","link":"https:\/\/www.hotel-hauensteiner-hof.de\/?page_id=2105","title":{"rendered":"Die Region"},"content":{"rendered":"<div class=\"fusion-fullwidth fullwidth-box fusion-builder-row-1 fusion-flex-container nonhundred-percent-fullwidth non-hundred-percent-height-scrolling\" style=\"--awb-background-position:left top;--awb-border-sizes-top:0px;--awb-border-sizes-bottom:0px;--awb-border-sizes-left:0px;--awb-border-sizes-right:0px;--awb-border-radius-top-left:0px;--awb-border-radius-top-right:0px;--awb-border-radius-bottom-right:0px;--awb-border-radius-bottom-left:0px;--awb-padding-top:70px;--awb-padding-bottom:40px;--awb-flex-wrap:wrap;\" ><div class=\"fusion-builder-row fusion-row fusion-flex-align-items-flex-start fusion-flex-content-wrap\" style=\"max-width:calc( 1170px + 0px );margin-left: calc(-0px \/ 2 );margin-right: calc(-0px \/ 2 );\"><div class=\"fusion-layout-column fusion_builder_column fusion-builder-column-0 fusion_builder_column_1_1 1_1 fusion-flex-column fusion-flex-align-self-flex-start fusion-column-no-min-height\" style=\"--awb-bg-blend:overlay;--awb-bg-size:cover;--awb-width-large:100%;--awb-margin-top-large:0px;--awb-spacing-right-large:0px;--awb-margin-bottom-large:0px;--awb-spacing-left-large:0px;--awb-width-medium:100%;--awb-spacing-right-medium:0px;--awb-spacing-left-medium:0px;--awb-width-small:100%;--awb-spacing-right-small:0px;--awb-spacing-left-small:0px;\"><div class=\"fusion-column-wrapper fusion-flex-justify-content-flex-start fusion-content-layout-column\"><div class=\"fusion-flip-boxes flip-boxes row fusion-columns-3 flip-effect-classic\"><div class=\"fusion-flip-box-wrapper fusion-column col-lg-4 col-md-4 col-sm-4\"><div class=\"fusion-flip-box flip-right\" tabindex=\"0\"><div class=\"flip-box-inner-wrapper\"><div class=\"flip-box-front\" style=\"--awb-icon-color:var(--awb-color4);--awb-border-size:1px;--awb-border-radius:4px;\"><div class=\"flip-box-front-inner\"><div class=\"flip-box-grafix flip-box-no-circle\"><i aria-hidden=\"true\" class=\"icon-hotel-map-marker-alt-solid\"><\/i><\/div><h2 class=\"flip-box-heading\">Der Ort<\/h2>Der Luftkurort Hauenstein liegt im Herzen des Naturparks Pf\u00e4lzerwald.<\/div><\/div><div class=\"flip-box-back\" style=\"--awb-icon-color:var(--awb-color4);--awb-border-size:1px;--awb-border-radius:4px;--awb-title-back-color:var(--awb-color1);\"><div class=\"flip-box-back-inner\"><h3 class=\"flip-box-heading-back\">Luftkurort &amp; Urlaubsregion<\/h3>\n<p>Besucher zeigen sich stets begeistert von den Bergen mit ihren zahlreichen bizarren Buntsandsteinfelsen und der wohltuenden Ruhe in frischer, klarer Luft. Eine Journalistin, die unseren Ort zum ersten Mal besuchte, nannte Hauenstein in seiner herrlichen Umgebung ganz spontan die \u201ePf\u00e4lzische Schweiz\u201c. Hier l\u00e4sst sich bei jedem Wetter etwas Interessantes unternehmen. <div ><a class=\"fusion-button button-flat button-large button-custom fusion-button-default button-1 fusion-button-default-span \" style=\"--button_accent_color:var(--awb-color8);--button_accent_hover_color:var(--awb-color8);--button_border_hover_color:var(--awb-color8);--button_border_width-top:0px;--button_border_width-right:0px;--button_border_width-bottom:0px;--button_border_width-left:0px;--button-border-radius-top-left:0px;--button-border-radius-top-right:0px;--button-border-radius-bottom-right:0px;--button-border-radius-bottom-left:0px;--button_gradient_top_color:hsla(var(--awb-color1-h),var(--awb-color1-s),var(--awb-color1-l),calc( var(--awb-color1-a) - 75% ));--button_gradient_bottom_color:hsla(var(--awb-color1-h),var(--awb-color1-s),var(--awb-color1-l),calc( var(--awb-color1-a) - 75% ));--button_gradient_top_color_hover:hsla(var(--awb-color1-h),var(--awb-color1-s),var(--awb-color1-l),calc( var(--awb-color1-a) - 55% ));--button_gradient_bottom_color_hover:hsla(var(--awb-color1-h),var(--awb-color1-s),var(--awb-color1-l),calc( var(--awb-color1-a) - 55% ));\" target=\"_self\" href=\"https:\/\/hauenstein.de\/\"><span class=\"fusion-button-text\">Zur Webseite<\/span><\/a><\/div>\n<\/div><\/div><\/div><\/div><\/div><div class=\"fusion-flip-box-wrapper fusion-column col-lg-4 col-md-4 col-sm-4\"><div class=\"fusion-flip-box flip-right\" tabindex=\"0\"><div class=\"flip-box-inner-wrapper\"><div class=\"flip-box-front\" style=\"--awb-icon-color:var(--awb-color4);--awb-border-size:1px;--awb-border-radius:4px;\"><div class=\"flip-box-front-inner\"><div class=\"flip-box-grafix flip-box-no-circle\"><i aria-hidden=\"true\" class=\"fa-swimmer fas\"><\/i><\/div><h2 class=\"flip-box-heading\">Wasgau Freibad<\/h2>Schwimmbad in herrlicher Lage<\/div><\/div><div class=\"flip-box-back\" style=\"--awb-icon-color:var(--awb-color4);--awb-border-size:1px;--awb-border-radius:4px;--awb-title-back-color:var(--awb-color1);\"><div class=\"flip-box-back-inner\"><h3 class=\"flip-box-heading-back\">Schwimmbad mit tollen Highlights<\/h3>\n<p>Ihr Schwimmbad in Hauenstein &#8211; umrahmt von einem imposanten Felspanorama, eingebettet in weitl\u00e4ufige Liegewiesen, pr\u00e4sentiert sich das Freibad mit 50-m Schwimmbecken als Badespass f\u00fcr die ganze Familie. Quellfrisches, \u00f6kologisch beheiztes Naturwasser aus der Tiefe des Pf\u00e4lzer Waldes erfrischt den Badegast w\u00e4hrend der ganzen Saison.<div ><a class=\"fusion-button button-flat button-large button-custom fusion-button-default button-2 fusion-button-default-span \" style=\"--button_accent_color:var(--awb-color8);--button_accent_hover_color:var(--awb-color8);--button_border_hover_color:var(--awb-color8);--button_border_width-top:0px;--button_border_width-right:0px;--button_border_width-bottom:0px;--button_border_width-left:0px;--button-border-radius-top-left:0px;--button-border-radius-top-right:0px;--button-border-radius-bottom-right:0px;--button-border-radius-bottom-left:0px;--button_gradient_top_color:hsla(var(--awb-color1-h),var(--awb-color1-s),var(--awb-color1-l),calc( var(--awb-color1-a) - 75% ));--button_gradient_bottom_color:hsla(var(--awb-color1-h),var(--awb-color1-s),var(--awb-color1-l),calc( var(--awb-color1-a) - 75% ));--button_gradient_top_color_hover:hsla(var(--awb-color1-h),var(--awb-color1-s),var(--awb-color1-l),calc( var(--awb-color1-a) - 55% ));--button_gradient_bottom_color_hover:hsla(var(--awb-color1-h),var(--awb-color1-s),var(--awb-color1-l),calc( var(--awb-color1-a) - 55% ));\" target=\"_self\" href=\"https:\/\/wasgaufreibad.de\/\"><span class=\"fusion-button-text\">Mehr Informationen<\/span><\/a><\/div>\n<\/div><\/div><\/div><\/div><\/div><div class=\"fusion-flip-box-wrapper fusion-column col-lg-4 col-md-4 col-sm-4\"><div class=\"fusion-flip-box flip-right\" tabindex=\"0\"><div class=\"flip-box-inner-wrapper\"><div class=\"flip-box-front\" style=\"--awb-icon-color:var(--awb-color4);--awb-border-size:1px;--awb-border-radius:4px;\"><div class=\"flip-box-front-inner\"><div class=\"flip-box-grafix flip-box-no-circle\"><i aria-hidden=\"true\" class=\"fa-map-marked-alt fas\"><\/i><\/div><h2 class=\"flip-box-heading\">Naturparadies f\u00fcr Mountainbiken &amp; Run<\/h2>Sch\u00f6nsten Strecken zu atemberaubende Aussichten<\/div><\/div><div class=\"flip-box-back\" style=\"--awb-icon-color:var(--awb-color4);--awb-border-size:1px;--awb-border-radius:4px;--awb-title-back-color:var(--awb-color1);\"><div class=\"flip-box-back-inner\"><h3 class=\"flip-box-heading-back\">Ein Paradies f\u00fcr Outdoor-Sport<\/h3>\n<p>F\u00fcr gef\u00fchrte Trailrunning- und Bike-Touren steht Ihnen die Mannschaft von Trail-Guides zur Verf\u00fcgung &#8211; professioneller Tourguides f\u00fchren Sie \u00fcber die sch\u00f6nsten Strecken zu atemberaubende Aussichten. Sie m\u00f6chten sich ein Mountanibike oder E-MTB ausleihen? Dann steht Ihnen <strong>Tom Leidner von FBA Cycling Bundenthal<\/strong> zur Verf\u00fcgung. <div ><a class=\"fusion-button button-flat button-large button-custom fusion-button-default button-3 fusion-button-default-span \" style=\"--button_accent_color:var(--awb-color8);--button_accent_hover_color:var(--awb-color8);--button_border_hover_color:var(--awb-color8);--button_border_width-top:0px;--button_border_width-right:0px;--button_border_width-bottom:0px;--button_border_width-left:0px;--button-border-radius-top-left:0px;--button-border-radius-top-right:0px;--button-border-radius-bottom-right:0px;--button-border-radius-bottom-left:0px;--button_gradient_top_color:hsla(var(--awb-color1-h),var(--awb-color1-s),var(--awb-color1-l),calc( var(--awb-color1-a) - 75% ));--button_gradient_bottom_color:hsla(var(--awb-color1-h),var(--awb-color1-s),var(--awb-color1-l),calc( var(--awb-color1-a) - 75% ));--button_gradient_top_color_hover:hsla(var(--awb-color1-h),var(--awb-color1-s),var(--awb-color1-l),calc( var(--awb-color1-a) - 55% ));--button_gradient_bottom_color_hover:hsla(var(--awb-color1-h),var(--awb-color1-s),var(--awb-color1-l),calc( var(--awb-color1-a) - 55% ));\" target=\"_self\" href=\"https:\/\/fba-cycling.de\/\"><span class=\"fusion-button-text\">Direkt zum Verleih<\/span><\/a><\/div>\n<\/div><\/div><\/div><\/div><\/div><\/div><div class=\"fusion-flip-boxes flip-boxes row fusion-columns-3 flip-effect-classic\"><div class=\"fusion-flip-box-wrapper fusion-column col-lg-4 col-md-4 col-sm-4\"><div class=\"fusion-flip-box flip-right\" tabindex=\"0\"><div class=\"flip-box-inner-wrapper\"><div class=\"flip-box-front\" style=\"--awb-icon-color:var(--awb-color4);--awb-border-size:1px;--awb-border-radius:4px;\"><div class=\"flip-box-front-inner\"><div class=\"flip-box-grafix flip-box-no-circle\"><i aria-hidden=\"true\" class=\"fa-map fas\"><\/i><\/div><h2 class=\"flip-box-heading\">Schusterpfad<\/h2>Wanderung: 15,2 km \/ 570 hm \/ ca. 5 Stunden<\/div><\/div><div class=\"flip-box-back\" style=\"--awb-icon-color:var(--awb-color4);--awb-border-size:1px;--awb-border-radius:4px;--awb-title-back-color:var(--awb-color1);\"><div class=\"flip-box-back-inner\"><h3 class=\"flip-box-heading-back\">Hauensteiner Schusterpfad<\/h3>\n<p>Der Schusterpfad f\u00fchrt auf abwechslungsreichen Wanderwegen rund um das idyllisch gelegene Schuhdorf Hauenstein. Wer den Schusterpfad lieber in Teilabschnitten erwandern m\u00f6chte, hat dazu mehrere Einstiegsm\u00f6glichkeiten, wie zum Beispiel ab Bahnhof Hauenstein Mitte, Penny Markt oder am Deutschen Schuhmuseum direkt neben dem Hotel Hauensteiner Hof. <div ><a class=\"fusion-button button-flat button-large button-custom fusion-button-default button-4 fusion-button-default-span \" style=\"--button_accent_color:var(--awb-color8);--button_accent_hover_color:var(--awb-color8);--button_border_hover_color:var(--awb-color8);--button_border_width-top:0px;--button_border_width-right:0px;--button_border_width-bottom:0px;--button_border_width-left:0px;--button-border-radius-top-left:0px;--button-border-radius-top-right:0px;--button-border-radius-bottom-right:0px;--button-border-radius-bottom-left:0px;--button_gradient_top_color:hsla(var(--awb-color1-h),var(--awb-color1-s),var(--awb-color1-l),calc( var(--awb-color1-a) - 75% ));--button_gradient_bottom_color:hsla(var(--awb-color1-h),var(--awb-color1-s),var(--awb-color1-l),calc( var(--awb-color1-a) - 75% ));--button_gradient_top_color_hover:hsla(var(--awb-color1-h),var(--awb-color1-s),var(--awb-color1-l),calc( var(--awb-color1-a) - 55% ));--button_gradient_bottom_color_hover:hsla(var(--awb-color1-h),var(--awb-color1-s),var(--awb-color1-l),calc( var(--awb-color1-a) - 55% ));\" target=\"_self\" href=\"https:\/\/hauenstein.de\/\"><span class=\"fusion-button-text\">Zur Webseite<\/span><\/a><\/div>\n<\/div><\/div><\/div><\/div><\/div><div class=\"fusion-flip-box-wrapper fusion-column col-lg-4 col-md-4 col-sm-4\"><div class=\"fusion-flip-box flip-right\" tabindex=\"0\"><div class=\"flip-box-inner-wrapper\"><div class=\"flip-box-front\" style=\"--awb-icon-color:var(--awb-color4);--awb-border-size:1px;--awb-border-radius:4px;\"><div class=\"flip-box-front-inner\"><div class=\"flip-box-grafix flip-box-no-circle\"><i aria-hidden=\"true\" class=\"fa-shoe-prints fas\"><\/i><\/div><h2 class=\"flip-box-heading\">Deutsches Schuhmuseum<\/h2>In direkter Nachbarschaft zum Hauensteiner Hof<\/div><\/div><div class=\"flip-box-back\" style=\"--awb-icon-color:var(--awb-color4);--awb-border-size:1px;--awb-border-radius:4px;--awb-title-back-color:var(--awb-color1);\"><div class=\"flip-box-back-inner\"><h3 class=\"flip-box-heading-back\">Deutsches Schuhmuseum<\/h3>\n<p>Das Deutsche Schuhmuseum Hauenstein, einzigartig in der Welt, ist eine faszinierende Inszenierung, die die reiche Schuhkultur der Epochen, Zeiten und Kontinente repr\u00e4sentiert. Die Integration der Lebensbedingungen ganzer Generationen l\u00e4sst das Deutsche Schuhmuseum Hauenstein zu einem ganz einzigartigen Erlebnis werden. Auf ungef\u00e4hr 3 000 Quadratmetern auf vier Ebenen verteilt. <div ><a class=\"fusion-button button-flat button-large button-custom fusion-button-default button-5 fusion-button-default-span \" style=\"--button_accent_color:var(--awb-color8);--button_accent_hover_color:var(--awb-color8);--button_border_hover_color:var(--awb-color8);--button_border_width-top:0px;--button_border_width-right:0px;--button_border_width-bottom:0px;--button_border_width-left:0px;--button-border-radius-top-left:0px;--button-border-radius-top-right:0px;--button-border-radius-bottom-right:0px;--button-border-radius-bottom-left:0px;--button_gradient_top_color:hsla(var(--awb-color1-h),var(--awb-color1-s),var(--awb-color1-l),calc( var(--awb-color1-a) - 75% ));--button_gradient_bottom_color:hsla(var(--awb-color1-h),var(--awb-color1-s),var(--awb-color1-l),calc( var(--awb-color1-a) - 75% ));--button_gradient_top_color_hover:hsla(var(--awb-color1-h),var(--awb-color1-s),var(--awb-color1-l),calc( var(--awb-color1-a) - 55% ));--button_gradient_bottom_color_hover:hsla(var(--awb-color1-h),var(--awb-color1-s),var(--awb-color1-l),calc( var(--awb-color1-a) - 55% ));\" target=\"_self\" href=\"https:\/\/museum-hauenstein.de\/de\/home\/1\/home.html\"><span class=\"fusion-button-text\">Mehr Informationen<\/span><\/a><\/div>\n<\/div><\/div><\/div><\/div><\/div><div class=\"fusion-flip-box-wrapper fusion-column col-lg-4 col-md-4 col-sm-4\"><div class=\"fusion-flip-box flip-right\" tabindex=\"0\"><div class=\"flip-box-inner-wrapper\"><div class=\"flip-box-front\" style=\"--awb-icon-color:var(--awb-color4);--awb-border-size:1px;--awb-border-radius:4px;\"><div class=\"flip-box-front-inner\"><div class=\"flip-box-grafix flip-box-no-circle\"><i aria-hidden=\"true\" class=\"fa-map-marked-alt fas\"><\/i><\/div><h2 class=\"flip-box-heading\">Schuhmeile Hauenstein<\/h2>Deutschlands gr\u00f6\u00dftes Schuh-Outlet-Zentrum<\/div><\/div><div class=\"flip-box-back\" style=\"--awb-icon-color:var(--awb-color4);--awb-border-size:1px;--awb-border-radius:4px;--awb-title-back-color:var(--awb-color1);\"><div class=\"flip-box-back-inner\"><h3 class=\"flip-box-heading-back\">Deutschlands gr\u00f6\u00dftes Schuh-Outlet-Zentrum<\/h3>\n<p>Den Besuchern der Schuhmeile steht eine Auswahl von \u00fcber 1.000.000 Paar Schuhe zur Verf\u00fcgung. <div ><a class=\"fusion-button button-flat button-large button-custom fusion-button-default button-6 fusion-button-default-span \" style=\"--button_accent_color:var(--awb-color8);--button_accent_hover_color:var(--awb-color8);--button_border_hover_color:var(--awb-color8);--button_border_width-top:0px;--button_border_width-right:0px;--button_border_width-bottom:0px;--button_border_width-left:0px;--button-border-radius-top-left:0px;--button-border-radius-top-right:0px;--button-border-radius-bottom-right:0px;--button-border-radius-bottom-left:0px;--button_gradient_top_color:hsla(var(--awb-color1-h),var(--awb-color1-s),var(--awb-color1-l),calc( var(--awb-color1-a) - 75% ));--button_gradient_bottom_color:hsla(var(--awb-color1-h),var(--awb-color1-s),var(--awb-color1-l),calc( var(--awb-color1-a) - 75% ));--button_gradient_top_color_hover:hsla(var(--awb-color1-h),var(--awb-color1-s),var(--awb-color1-l),calc( var(--awb-color1-a) - 55% ));--button_gradient_bottom_color_hover:hsla(var(--awb-color1-h),var(--awb-color1-s),var(--awb-color1-l),calc( var(--awb-color1-a) - 55% ));\" target=\"_self\" href=\"https:\/\/www.schuhmeile.com\/\"><span class=\"fusion-button-text\">Mehr Informationen<\/span><\/a><\/div>\n<\/div><\/div><\/div><\/div><\/div><\/div><\/div><\/div><\/div><\/div>\n","protected":false},"excerpt":{"rendered":"","protected":false},"author":2,"featured_media":0,"parent":0,"menu_order":0,"comment_status":"open","ping_status":"open","template":"100-width.php","meta":{"footnotes":""},"class_list":["post-2105","page","type-page","status-publish","hentry"],"_links":{"self":[{"href":"https:\/\/www.hotel-hauensteiner-hof.de\/index.php?rest_route=\/wp\/v2\/pages\/2105","targetHints":{"allow":["GET"]}}],"collection":[{"href":"https:\/\/www.hotel-hauensteiner-hof.de\/index.php?rest_route=\/wp\/v2\/pages"}],"about":[{"href":"https:\/\/www.hotel-hauensteiner-hof.de\/index.php?rest_route=\/wp\/v2\/types\/page"}],"author":[{"embeddable":true,"href":"https:\/\/www.hotel-hauensteiner-hof.de\/index.php?rest_route=\/wp\/v2\/users\/2"}],"replies":[{"embeddable":true,"href":"https:\/\/www.hotel-hauensteiner-hof.de\/index.php?rest_route=%2Fwp%2Fv2%2Fcomments&post=2105"}],"version-history":[{"count":12,"href":"https:\/\/www.hotel-hauensteiner-hof.de\/index.php?rest_route=\/wp\/v2\/pages\/2105\/revisions"}],"predecessor-version":[{"id":2426,"href":"https:\/\/www.hotel-hauensteiner-hof.de\/index.php?rest_route=\/wp\/v2\/pages\/2105\/revisions\/2426"}],"wp:attachment":[{"href":"https:\/\/www.hotel-hauensteiner-hof.de\/index.php?rest_route=%2Fwp%2Fv2%2Fmedia&parent=2105"}],"curies":[{"name":"wp","href":"https:\/\/api.w.org\/{rel}","templated":true}]}}